{"id":108,"date":"2023-05-15T09:44:02","date_gmt":"2023-05-15T07:44:02","guid":{"rendered":"https:\/\/conciergerie-aix.fr\/?page_id=108"},"modified":"2023-06-17T12:04:09","modified_gmt":"2023-06-17T10:04:09","slug":"courses-et-livraison","status":"publish","type":"page","link":"https:\/\/conciergerie-aix.fr\/?page_id=108","title":{"rendered":"Courses et livraison"},"content":{"rendered":"\n<div class=\"wp-block-media-text alignwide is-stacked-on-mobile\"><figure class=\"wp-block-media-text__media\"><img decoding=\"async\" loading=\"lazy\" width=\"683\" height=\"1024\" src=\"http:\/\/conciergerie-aix.fr\/wp-content\/uploads\/2023\/05\/thumbnail_IMG_1328-683x1024.jpg\" alt=\"\" class=\"wp-image-475 size-full\" srcset=\"https:\/\/conciergerie-aix.fr\/wp-content\/uploads\/2023\/05\/thumbnail_IMG_1328-683x1024.jpg 683w, https:\/\/conciergerie-aix.fr\/wp-content\/uploads\/2023\/05\/thumbnail_IMG_1328-200x300.jpg 200w, https:\/\/conciergerie-aix.fr\/wp-content\/uploads\/2023\/05\/thumbnail_IMG_1328-768x1152.jpg 768w, https:\/\/conciergerie-aix.fr\/wp-content\/uploads\/2023\/05\/thumbnail_IMG_1328-1024x1536.jpg 1024w, https:\/\/conciergerie-aix.fr\/wp-content\/uploads\/2023\/05\/thumbnail_IMG_1328-1365x2048.jpg 1365w, https:\/\/conciergerie-aix.fr\/wp-content\/uploads\/2023\/05\/thumbnail_IMG_1328-1320x1980.jpg 1320w, https:\/\/conciergerie-aix.fr\/wp-content\/uploads\/2023\/05\/thumbnail_IMG_1328-600x900.jpg 600w, https:\/\/conciergerie-aix.fr\/wp-content\/uploads\/2023\/05\/thumbnail_IMG_1328-scaled.jpg 1707w\" sizes=\"(max-width: 683px) 100vw, 683px\" \/><\/figure><div class=\"wp-block-media-text__content\">\n<p>Pour des vacances sans contrainte, nous mettons \u00e0 votre disposition un service de livraison de vos courses.<\/p>\n\n\n\n<p>Un service qui vous permettra de profiter pleinement de votre s\u00e9jour d\u00e8s votre arriv\u00e9e. La queue au supermarch\u00e9, le transport des courses de la voiture jusqu&#8217;\u00e0 votre logement ne seront plus qu&#8217;un vieux souvenir.<\/p>\n<\/div><\/div>\n\n\n<div data-block-name=\"woocommerce\/product-category\" data-align-buttons=\"true\" data-content-visibility=\"{&quot;image&quot;:false,&quot;title&quot;:true,&quot;price&quot;:true,&quot;rating&quot;:false,&quot;button&quot;:true}\" data-categories=\"[23]\" class=\"wc-block-grid wp-block-product-category wc-block-product-category has-3-columns has-multiple-rows alignwide has-aligned-buttons\"><ul class=\"wc-block-grid__products\"><li class=\"wc-block-grid__product\">\n\t\t\t\t<a href=\"https:\/\/conciergerie-aix.fr\/?product=courses-et-livraison\" class=\"wc-block-grid__product-link\">\n\t\t\t\t\t\n\t\t\t\t\t<div class=\"wc-block-grid__product-title\">Courses et livraison<\/div>\n\t\t\t\t<\/a>\n\t\t\t\t\n\t\t\t\t<div class=\"wc-block-grid__product-price price\"><span class=\"woocommerce-Price-amount amount\">50,00&nbsp;<span class=\"woocommerce-Price-currencySymbol\">&euro;<\/span><\/span><\/div>\n\t\t\t\t\n\t\t\t\t<div class=\"wp-block-button wc-block-grid__product-add-to-cart\"><a href=\"?add-to-cart=238\" aria-label=\"Add &ldquo;Courses et livraison&rdquo; to your cart\" data-quantity=\"1\" data-product_id=\"238\" data-product_sku=\"\" rel=\"nofollow\" class=\"wp-block-button__link  add_to_cart_button ajax_add_to_cart\">Add to cart<\/a><\/div>\n\t\t\t<\/li><\/ul><\/div>","protected":false},"excerpt":{"rendered":"<p>Pour des vacances sans contrainte, nous mettons \u00e0 votre disposition un service de livraison de vos courses. Un service qui vous permettra de profiter pleinement &hellip;<\/p>\n","protected":false},"author":1,"featured_media":348,"parent":0,"menu_order":0,"comment_status":"closed","ping_status":"closed","template":"","meta":{"om_disable_all_campaigns":false,"_mi_skip_tracking":false},"aioseo_notices":[],"mfb_rest_fields":["aioseo_notices"],"_links":{"self":[{"href":"https:\/\/conciergerie-aix.fr\/index.php?rest_route=\/wp\/v2\/pages\/108"}],"collection":[{"href":"https:\/\/conciergerie-aix.fr\/index.php?rest_route=\/wp\/v2\/pages"}],"about":[{"href":"https:\/\/conciergerie-aix.fr\/index.php?rest_route=\/wp\/v2\/types\/page"}],"author":[{"embeddable":true,"href":"https:\/\/conciergerie-aix.fr\/index.php?rest_route=\/wp\/v2\/users\/1"}],"replies":[{"embeddable":true,"href":"https:\/\/conciergerie-aix.fr\/index.php?rest_route=%2Fwp%2Fv2%2Fcomments&post=108"}],"version-history":[{"count":5,"href":"https:\/\/conciergerie-aix.fr\/index.php?rest_route=\/wp\/v2\/pages\/108\/revisions"}],"predecessor-version":[{"id":476,"href":"https:\/\/conciergerie-aix.fr\/index.php?rest_route=\/wp\/v2\/pages\/108\/revisions\/476"}],"wp:featuredmedia":[{"embeddable":true,"href":"https:\/\/conciergerie-aix.fr\/index.php?rest_route=\/wp\/v2\/media\/348"}],"wp:attachment":[{"href":"https:\/\/conciergerie-aix.fr\/index.php?rest_route=%2Fwp%2Fv2%2Fmedia&parent=108"}],"curies":[{"name":"wp","href":"https:\/\/api.w.org\/{rel}","templated":true}]}}