{"id":116,"date":"2023-05-15T15:48:03","date_gmt":"2023-05-15T13:48:03","guid":{"rendered":"https:\/\/conciergerie-aix.fr\/?page_id=116"},"modified":"2023-06-28T22:27:12","modified_gmt":"2023-06-28T20:27:12","slug":"votre-petit-dejeuner-pendant-votre-sejour","status":"publish","type":"page","link":"https:\/\/conciergerie-aix.fr\/?page_id=116","title":{"rendered":"Votre petit-d\u00e9jeuner pendant votre s\u00e9jour"},"content":{"rendered":"\n<p><\/p>\n\n\n\n<p><\/p>\n\n\n\n<div class=\"wp-block-media-text alignwide is-stacked-on-mobile is-vertically-aligned-center is-image-fill\" style=\"grid-template-columns:49% auto\"><figure class=\"wp-block-media-text__media\" style=\"background-image:url(http:\/\/conciergerie-aix.fr\/wp-content\/uploads\/2023\/06\/ppppetttt-dej-768x1024.jpg);background-position:50% 50%\"><img decoding=\"async\" loading=\"lazy\" width=\"768\" height=\"1024\" src=\"http:\/\/conciergerie-aix.fr\/wp-content\/uploads\/2023\/06\/ppppetttt-dej-768x1024.jpg\" alt=\"\" class=\"wp-image-535 size-full\" srcset=\"https:\/\/conciergerie-aix.fr\/wp-content\/uploads\/2023\/06\/ppppetttt-dej-768x1024.jpg 768w, https:\/\/conciergerie-aix.fr\/wp-content\/uploads\/2023\/06\/ppppetttt-dej-225x300.jpg 225w, https:\/\/conciergerie-aix.fr\/wp-content\/uploads\/2023\/06\/ppppetttt-dej-1152x1536.jpg 1152w, https:\/\/conciergerie-aix.fr\/wp-content\/uploads\/2023\/06\/ppppetttt-dej-1536x2048.jpg 1536w, https:\/\/conciergerie-aix.fr\/wp-content\/uploads\/2023\/06\/ppppetttt-dej-1320x1760.jpg 1320w, https:\/\/conciergerie-aix.fr\/wp-content\/uploads\/2023\/06\/ppppetttt-dej-600x800.jpg 600w, https:\/\/conciergerie-aix.fr\/wp-content\/uploads\/2023\/06\/ppppetttt-dej.jpg 1920w\" sizes=\"(max-width: 768px) 100vw, 768px\" \/><\/figure><div class=\"wp-block-media-text__content\">\n<p><\/p>\n\n\n\n<h2 class=\"wp-block-heading has-normal-font-size\" style=\"font-style:normal;font-weight:400\">Vous pouvez d\u00e9sormais profiter de votre caf\u00e9 fumant accompagn\u00e9 de la formule petit-d\u00e9jeuner de votre choix.<\/h2>\n\n\n\n<h2 class=\"wp-block-heading has-normal-font-size\" style=\"font-style:normal;font-weight:400\"><br>Envie d\u2019un concentr\u00e9 de vitamines ? Choisissez votre jus de fruits frais: orange ou pomme, de quoi r\u00e9veiller vos papilles.<\/h2>\n\n\n\n<h2 class=\"wp-block-heading has-normal-font-size\" style=\"font-style:normal;font-weight:400\"> Laissez vous tenter par une baguette croustillante ou optez pour le pain complet r\u00e9confortant ainsi que d&#8217;une viennoiserie au choix : croissant, pain au chocolat ou encore pain aux raisins.<br>Enfin, la formule inclut beurre, confitures maison et un accompagnement sal\u00e9 ( planche de charcuterie ou fromage) et sucr\u00e9 ( assortiment de fruits et yaourts ), de quoi faire le plein d\u2019\u00e9nergie pour la journ\u00e9e qui vous attend.<br>Que vous soyez seul, en famille, entre amis, pr\u00e9parer votre petit-d\u00e9jeuner n\u2019a jamais \u00e9t\u00e9 aussi simple ! <\/h2>\n\n\n\n<h2 class=\"wp-block-heading has-normal-font-size\" style=\"font-style:normal;font-weight:400\"> Nous assurons la livraison \u00e0 votre domicile entre 8h et 10h. Contactez nous sans plus attendre !<\/h2>\n<\/div><\/div>\n\n\n\n<p><\/p>\n\n\n\n<p><\/p>\n\n\n\n<div class=\"wp-block-jetpack-send-a-message\">\n<div class=\"wp-block-jetpack-whatsapp-button aligncenter is-color-dark\"><a class=\"whatsapp-block__button\" href=\"https:\/\/api.whatsapp.com\/send?phone=&amp;text=Bonjour%2C%20j%E2%80%99ai%20trouv%C3%A9%20vos%20informations%20WhatsApp%20sur%20votre%20site%20Web.\" style=\"background-color:#25D366;color:#fff\" target=\"_self\" rel=\"noopener noreferrer\">Discuter sur WhatsApp<\/a><\/div>\n<\/div>\n\n\n\n<div class=\"wp-block-columns are-vertically-aligned-center is-layout-flex wp-container-3\">\n<div class=\"wp-block-column is-vertically-aligned-center is-layout-flow\" style=\"flex-basis:100%\">\n<div class=\"wp-block-group is-layout-constrained\"><div class=\"wp-block-group__inner-container\"><div data-block-name=\"woocommerce\/product-category\" data-content-visibility=\"{&quot;image&quot;:false,&quot;title&quot;:true,&quot;price&quot;:true,&quot;rating&quot;:true,&quot;button&quot;:true}\" data-categories=\"[24]\" class=\"wc-block-grid wp-block-product-category wc-block-product-category has-3-columns has-multiple-rows\"><ul class=\"wc-block-grid__products\"><li class=\"wc-block-grid__product\">\n\t\t\t\t<a href=\"https:\/\/conciergerie-aix.fr\/?product=petit-dejeuner\" class=\"wc-block-grid__product-link\">\n\t\t\t\t\t\n\t\t\t\t\t<div class=\"wc-block-grid__product-title\">Petit D\u00e9jeuner<\/div>\n\t\t\t\t<\/a>\n\t\t\t\t\n\t\t\t\t<div class=\"wc-block-grid__product-price price\"><span class=\"woocommerce-Price-amount amount\">20,00&nbsp;<span class=\"woocommerce-Price-currencySymbol\">&euro;<\/span><\/span><\/div>\n\t\t\t\t\n\t\t\t\t<div class=\"wp-block-button wc-block-grid__product-add-to-cart\"><a href=\"?add-to-cart=272\" aria-label=\"Add &ldquo;Petit D\u00e9jeuner&rdquo; to your cart\" data-quantity=\"1\" data-product_id=\"272\" data-product_sku=\"\" rel=\"nofollow\" class=\"wp-block-button__link  add_to_cart_button ajax_add_to_cart\">Add to cart<\/a><\/div>\n\t\t\t<\/li><\/ul><\/div><\/div><\/div>\n<\/div>\n<\/div>\n","protected":false},"excerpt":{"rendered":"<p>Vous pouvez d\u00e9sormais profiter de votre caf\u00e9 fumant accompagn\u00e9 de la formule petit-d\u00e9jeuner de votre choix. Envie d\u2019un concentr\u00e9 de vitamines ? Choisissez votre jus &hellip;<\/p>\n","protected":false},"author":1,"featured_media":348,"parent":0,"menu_order":0,"comment_status":"closed","ping_status":"closed","template":"","meta":{"om_disable_all_campaigns":false,"_mi_skip_tracking":false},"aioseo_notices":[],"mfb_rest_fields":["aioseo_notices"],"_links":{"self":[{"href":"https:\/\/conciergerie-aix.fr\/index.php?rest_route=\/wp\/v2\/pages\/116"}],"collection":[{"href":"https:\/\/conciergerie-aix.fr\/index.php?rest_route=\/wp\/v2\/pages"}],"about":[{"href":"https:\/\/conciergerie-aix.fr\/index.php?rest_route=\/wp\/v2\/types\/page"}],"author":[{"embeddable":true,"href":"https:\/\/conciergerie-aix.fr\/index.php?rest_route=\/wp\/v2\/users\/1"}],"replies":[{"embeddable":true,"href":"https:\/\/conciergerie-aix.fr\/index.php?rest_route=%2Fwp%2Fv2%2Fcomments&post=116"}],"version-history":[{"count":24,"href":"https:\/\/conciergerie-aix.fr\/index.php?rest_route=\/wp\/v2\/pages\/116\/revisions"}],"predecessor-version":[{"id":538,"href":"https:\/\/conciergerie-aix.fr\/index.php?rest_route=\/wp\/v2\/pages\/116\/revisions\/538"}],"wp:featuredmedia":[{"embeddable":true,"href":"https:\/\/conciergerie-aix.fr\/index.php?rest_route=\/wp\/v2\/media\/348"}],"wp:attachment":[{"href":"https:\/\/conciergerie-aix.fr\/index.php?rest_route=%2Fwp%2Fv2%2Fmedia&parent=116"}],"curies":[{"name":"wp","href":"https:\/\/api.w.org\/{rel}","templated":true}]}}