{"id":121,"date":"2023-05-18T08:29:57","date_gmt":"2023-05-18T06:29:57","guid":{"rendered":"https:\/\/conciergerie-aix.fr\/?page_id=121"},"modified":"2023-06-12T22:50:33","modified_gmt":"2023-06-12T20:50:33","slug":"blanchisserie","status":"publish","type":"page","link":"https:\/\/conciergerie-aix.fr\/?page_id=121","title":{"rendered":"Blanchisserie"},"content":{"rendered":"\n<p><\/p>\n\n\n\n<div class=\"wp-block-media-text alignwide is-stacked-on-mobile\"><figure class=\"wp-block-media-text__media\"><img decoding=\"async\" loading=\"lazy\" width=\"600\" height=\"378\" src=\"http:\/\/conciergerie-aix.fr\/wp-content\/uploads\/2023\/05\/55dc8b789dd7cc1b008b5bda.webp\" alt=\"\" class=\"wp-image-123 size-full\" srcset=\"https:\/\/conciergerie-aix.fr\/wp-content\/uploads\/2023\/05\/55dc8b789dd7cc1b008b5bda.webp 600w, https:\/\/conciergerie-aix.fr\/wp-content\/uploads\/2023\/05\/55dc8b789dd7cc1b008b5bda-300x189.webp 300w, https:\/\/conciergerie-aix.fr\/wp-content\/uploads\/2023\/05\/55dc8b789dd7cc1b008b5bda-476x300.webp 476w\" sizes=\"(max-width: 600px) 100vw, 600px\" \/><\/figure><div class=\"wp-block-media-text__content\">\n<p>D\u00e9tendez vous&#8230;nous pouvons prendre en charge le nettoyage et repassage de votre linge pendant vos jours de cong\u00e9s.<\/p>\n\n\n\n<p>Les tarifs sont \u00e9tablis selon vos attentes.<\/p>\n\n\n\n<p>Par exemple 20\u20ac l&#8217;heure de repassage.<\/p>\n\n\n\n<p>Cliquer ci-dessous pour en discuter.<\/p>\n\n\n\n<p><\/p>\n<\/div><\/div>\n\n\n\n<p><\/p>\n\n\n\n<div class=\"wp-block-jetpack-send-a-message\">\n<div class=\"wp-block-jetpack-whatsapp-button aligncenter is-color-dark\"><a class=\"whatsapp-block__button\" href=\"https:\/\/api.whatsapp.com\/send?phone=&amp;text=Bonjour%2C%20j%E2%80%99ai%20trouv%C3%A9%20vos%20informations%20WhatsApp%20sur%20votre%20site%20Web.\" style=\"background-color:#25D366;color:#fff\" target=\"_self\" rel=\"noopener noreferrer\">Discuter sur WhatsApp<\/a><\/div>\n<\/div>\n","protected":false},"excerpt":{"rendered":"<p>D\u00e9tendez vous&#8230;nous pouvons prendre en charge le nettoyage et repassage de votre linge pendant vos jours de cong\u00e9s. Les tarifs sont \u00e9tablis selon vos attentes. &hellip;<\/p>\n","protected":false},"author":1,"featured_media":348,"parent":0,"menu_order":0,"comment_status":"closed","ping_status":"closed","template":"","meta":{"om_disable_all_campaigns":false,"_mi_skip_tracking":false},"aioseo_notices":[],"mfb_rest_fields":["aioseo_notices"],"_links":{"self":[{"href":"https:\/\/conciergerie-aix.fr\/index.php?rest_route=\/wp\/v2\/pages\/121"}],"collection":[{"href":"https:\/\/conciergerie-aix.fr\/index.php?rest_route=\/wp\/v2\/pages"}],"about":[{"href":"https:\/\/conciergerie-aix.fr\/index.php?rest_route=\/wp\/v2\/types\/page"}],"author":[{"embeddable":true,"href":"https:\/\/conciergerie-aix.fr\/index.php?rest_route=\/wp\/v2\/users\/1"}],"replies":[{"embeddable":true,"href":"https:\/\/conciergerie-aix.fr\/index.php?rest_route=%2Fwp%2Fv2%2Fcomments&post=121"}],"version-history":[{"count":4,"href":"https:\/\/conciergerie-aix.fr\/index.php?rest_route=\/wp\/v2\/pages\/121\/revisions"}],"predecessor-version":[{"id":414,"href":"https:\/\/conciergerie-aix.fr\/index.php?rest_route=\/wp\/v2\/pages\/121\/revisions\/414"}],"wp:featuredmedia":[{"embeddable":true,"href":"https:\/\/conciergerie-aix.fr\/index.php?rest_route=\/wp\/v2\/media\/348"}],"wp:attachment":[{"href":"https:\/\/conciergerie-aix.fr\/index.php?rest_route=%2Fwp%2Fv2%2Fmedia&parent=121"}],"curies":[{"name":"wp","href":"https:\/\/api.w.org\/{rel}","templated":true}]}}