{"id":126,"date":"2023-05-19T09:02:12","date_gmt":"2023-05-19T07:02:12","guid":{"rendered":"https:\/\/conciergerie-aix.fr\/?page_id=126"},"modified":"2023-06-14T23:02:46","modified_gmt":"2023-06-14T21:02:46","slug":"chef-a-domicile","status":"publish","type":"page","link":"https:\/\/conciergerie-aix.fr\/?page_id=126","title":{"rendered":"Chef \u00e0 domicile"},"content":{"rendered":"\n<p><\/p>\n\n\n\n<div class=\"wp-block-media-text is-stacked-on-mobile is-image-fill\"><figure class=\"wp-block-media-text__media\" style=\"background-image:url(http:\/\/conciergerie-aix.fr\/wp-content\/uploads\/2023\/06\/IMG_1292-768x1024.jpg);background-position:57% 15%\"><img decoding=\"async\" loading=\"lazy\" width=\"768\" height=\"1024\" src=\"http:\/\/conciergerie-aix.fr\/wp-content\/uploads\/2023\/06\/IMG_1292-768x1024.jpg\" alt=\"\" class=\"wp-image-415 size-full\" srcset=\"https:\/\/conciergerie-aix.fr\/wp-content\/uploads\/2023\/06\/IMG_1292-768x1024.jpg 768w, https:\/\/conciergerie-aix.fr\/wp-content\/uploads\/2023\/06\/IMG_1292-225x300.jpg 225w, https:\/\/conciergerie-aix.fr\/wp-content\/uploads\/2023\/06\/IMG_1292-1152x1536.jpg 1152w, https:\/\/conciergerie-aix.fr\/wp-content\/uploads\/2023\/06\/IMG_1292-1536x2048.jpg 1536w, https:\/\/conciergerie-aix.fr\/wp-content\/uploads\/2023\/06\/IMG_1292-1320x1760.jpg 1320w, https:\/\/conciergerie-aix.fr\/wp-content\/uploads\/2023\/06\/IMG_1292-600x800.jpg 600w, https:\/\/conciergerie-aix.fr\/wp-content\/uploads\/2023\/06\/IMG_1292-scaled.jpg 1920w\" sizes=\"(max-width: 768px) 100vw, 768px\" \/><\/figure><div class=\"wp-block-media-text__content\">\n<p>Offrez vous les services d\u2019un chef cuisinier priv\u00e9, qui viendra cuisiner vos repas sur votre lieu de vacances. Le Chef  vous invite \u00e0 d\u00e9guster des menus exquis et des plats saisonniers, il cuisine chez-vous pour les groupes de 6 jusqu&#8217;\u00e0 25 personnes. Choisissez vous-m\u00eame vos produits, et imaginez avec lui votre menu.<\/p>\n\n\n\n<p>Et un atelier cuisine ? c&#8217;est possible gr\u00e2ce \u00e0 notre chef qui r\u00e9alise des cours personnalis\u00e9s.<\/p>\n\n\n\n<div class=\"wp-block-jetpack-send-a-message\">\n<div class=\"wp-block-jetpack-whatsapp-button is-color-dark\"><a class=\"whatsapp-block__button\" href=\"https:\/\/api.whatsapp.com\/send?phone=330612744723&amp;text=Bonjour%2C%20j%E2%80%99ai%20trouv%C3%A9%20vos%20informations%20WhatsApp%20sur%20votre%20site%20Web.\" style=\"background-color:#25D366;color:#fff\" target=\"_self\" rel=\"noopener noreferrer\">Discuter sur WhatsApp<\/a><\/div>\n<\/div>\n<\/div><\/div>\n","protected":false},"excerpt":{"rendered":"","protected":false},"author":1,"featured_media":348,"parent":0,"menu_order":0,"comment_status":"closed","ping_status":"closed","template":"","meta":{"om_disable_all_campaigns":false,"_mi_skip_tracking":false},"aioseo_notices":[],"mfb_rest_fields":["aioseo_notices"],"_links":{"self":[{"href":"https:\/\/conciergerie-aix.fr\/index.php?rest_route=\/wp\/v2\/pages\/126"}],"collection":[{"href":"https:\/\/conciergerie-aix.fr\/index.php?rest_route=\/wp\/v2\/pages"}],"about":[{"href":"https:\/\/conciergerie-aix.fr\/index.php?rest_route=\/wp\/v2\/types\/page"}],"author":[{"embeddable":true,"href":"https:\/\/conciergerie-aix.fr\/index.php?rest_route=\/wp\/v2\/users\/1"}],"replies":[{"embeddable":true,"href":"https:\/\/conciergerie-aix.fr\/index.php?rest_route=%2Fwp%2Fv2%2Fcomments&post=126"}],"version-history":[{"count":11,"href":"https:\/\/conciergerie-aix.fr\/index.php?rest_route=\/wp\/v2\/pages\/126\/revisions"}],"predecessor-version":[{"id":463,"href":"https:\/\/conciergerie-aix.fr\/index.php?rest_route=\/wp\/v2\/pages\/126\/revisions\/463"}],"wp:featuredmedia":[{"embeddable":true,"href":"https:\/\/conciergerie-aix.fr\/index.php?rest_route=\/wp\/v2\/media\/348"}],"wp:attachment":[{"href":"https:\/\/conciergerie-aix.fr\/index.php?rest_route=%2Fwp%2Fv2%2Fmedia&parent=126"}],"curies":[{"name":"wp","href":"https:\/\/api.w.org\/{rel}","templated":true}]}}