{"id":130,"date":"2023-05-19T11:05:21","date_gmt":"2023-05-19T09:05:21","guid":{"rendered":"https:\/\/conciergerie-aix.fr\/?page_id=130"},"modified":"2024-05-27T08:44:03","modified_gmt":"2024-05-27T06:44:03","slug":"assistance-a-la-location-saisonniere","status":"publish","type":"page","link":"https:\/\/conciergerie-aix.fr\/?page_id=130","title":{"rendered":"Assistance \u00e0 la location saisonni\u00e8re"},"content":{"rendered":"\n<div class=\"wp-block-media-text alignwide is-stacked-on-mobile\"><figure class=\"wp-block-media-text__media\"><img decoding=\"async\" loading=\"lazy\" width=\"768\" height=\"1024\" src=\"http:\/\/conciergerie-aix.fr\/wp-content\/uploads\/2023\/06\/thumbnail_IMG_1313-768x1024.jpg\" alt=\"\" class=\"wp-image-465 size-full\" srcset=\"https:\/\/conciergerie-aix.fr\/wp-content\/uploads\/2023\/06\/thumbnail_IMG_1313-768x1024.jpg 768w, https:\/\/conciergerie-aix.fr\/wp-content\/uploads\/2023\/06\/thumbnail_IMG_1313-225x300.jpg 225w, https:\/\/conciergerie-aix.fr\/wp-content\/uploads\/2023\/06\/thumbnail_IMG_1313-1152x1536.jpg 1152w, https:\/\/conciergerie-aix.fr\/wp-content\/uploads\/2023\/06\/thumbnail_IMG_1313-1536x2048.jpg 1536w, https:\/\/conciergerie-aix.fr\/wp-content\/uploads\/2023\/06\/thumbnail_IMG_1313-1320x1760.jpg 1320w, https:\/\/conciergerie-aix.fr\/wp-content\/uploads\/2023\/06\/thumbnail_IMG_1313-600x800.jpg 600w, https:\/\/conciergerie-aix.fr\/wp-content\/uploads\/2023\/06\/thumbnail_IMG_1313.jpg 1920w\" sizes=\"(max-width: 768px) 100vw, 768px\" \/><\/figure><div class=\"wp-block-media-text__content\">\n<p>Nous proposons aux propri\u00e9taires une formule CHEK IN \/ CHECK OUT incluant :<\/p>\n\n\n\n<ul>\n<li>Prise de contact avec les locataires avant leur arriv\u00e9e<\/li>\n\n\n\n<li>Accueil personnalis\u00e9 des locataires avec remise des cl\u00e9s<\/li>\n\n\n\n<li>Assistance pendant le s\u00e9jour<\/li>\n\n\n\n<li>Visite des lieux et explications du fonctionnement de votre bien locatif<\/li>\n\n\n\n<li>D\u00e9placement en cas d\u2019urgence<\/li>\n\n\n\n<li>Inspection et v\u00e9rification des lieux avant d\u00e9part avec reprise des cl\u00e9s<\/li>\n\n\n\n<li>Nettoyage complet int\u00e9rieur et ext\u00e9rieur de la propri\u00e9t\u00e9<\/li>\n<\/ul>\n<\/div><\/div>\n\n\n\n<p><\/p>\n","protected":false},"excerpt":{"rendered":"","protected":false},"author":1,"featured_media":348,"parent":0,"menu_order":0,"comment_status":"closed","ping_status":"closed","template":"","meta":{"om_disable_all_campaigns":false,"_mi_skip_tracking":false},"aioseo_notices":[],"mfb_rest_fields":["aioseo_notices"],"_links":{"self":[{"href":"https:\/\/conciergerie-aix.fr\/index.php?rest_route=\/wp\/v2\/pages\/130"}],"collection":[{"href":"https:\/\/conciergerie-aix.fr\/index.php?rest_route=\/wp\/v2\/pages"}],"about":[{"href":"https:\/\/conciergerie-aix.fr\/index.php?rest_route=\/wp\/v2\/types\/page"}],"author":[{"embeddable":true,"href":"https:\/\/conciergerie-aix.fr\/index.php?rest_route=\/wp\/v2\/users\/1"}],"replies":[{"embeddable":true,"href":"https:\/\/conciergerie-aix.fr\/index.php?rest_route=%2Fwp%2Fv2%2Fcomments&post=130"}],"version-history":[{"count":7,"href":"https:\/\/conciergerie-aix.fr\/index.php?rest_route=\/wp\/v2\/pages\/130\/revisions"}],"predecessor-version":[{"id":584,"href":"https:\/\/conciergerie-aix.fr\/index.php?rest_route=\/wp\/v2\/pages\/130\/revisions\/584"}],"wp:featuredmedia":[{"embeddable":true,"href":"https:\/\/conciergerie-aix.fr\/index.php?rest_route=\/wp\/v2\/media\/348"}],"wp:attachment":[{"href":"https:\/\/conciergerie-aix.fr\/index.php?rest_route=%2Fwp%2Fv2%2Fmedia&parent=130"}],"curies":[{"name":"wp","href":"https:\/\/api.w.org\/{rel}","templated":true}]}}