{"id":139,"date":"2023-05-27T09:25:39","date_gmt":"2023-05-27T07:25:39","guid":{"rendered":"https:\/\/conciergerie-aix.fr\/?page_id=139"},"modified":"2023-06-14T08:06:03","modified_gmt":"2023-06-14T06:06:03","slug":"la-cave-a-vin","status":"publish","type":"page","link":"https:\/\/conciergerie-aix.fr\/?page_id=139","title":{"rendered":"La cave \u00e0 vin"},"content":{"rendered":"\n<p>Nous vous avons s\u00e9lectionn\u00e9 diff\u00e9rents coffrets pour vous faire plaisir sur votre lieu de vacances&#8230;<\/p>\n\n\n\n<p><\/p>\n\n\n\n<p><\/p>\n\n\n\n<p><\/p>\n\n\n\n<p><\/p>\n\n\n\n<p><\/p>\n\n\n\n<p><\/p>\n\n\n\n<p><\/p>\n\n\n<div data-block-name=\"woocommerce\/product-category\" data-categories=\"[21]\" class=\"wc-block-grid wp-block-product-category wc-block-product-category has-3-columns has-multiple-rows\"><ul class=\"wc-block-grid__products\"><li class=\"wc-block-grid__product\">\n\t\t\t\t<a href=\"https:\/\/conciergerie-aix.fr\/?product=pack-roses-100-provence-alpes-cotes-dazur\" class=\"wc-block-grid__product-link\">\n\t\t\t\t\t<div class=\"wc-block-grid__product-image\"><img width=\"300\" height=\"300\" src=\"https:\/\/conciergerie-aix.fr\/wp-content\/uploads\/2023\/05\/thumbnail_IMG_1348-300x300.jpg\" class=\"attachment-woocommerce_thumbnail size-woocommerce_thumbnail\" alt=\"Pack 100% Provence Alpes C\u00f4tes d&#039;Azur (Les 6 blle)\" decoding=\"async\" loading=\"lazy\" srcset=\"https:\/\/conciergerie-aix.fr\/wp-content\/uploads\/2023\/05\/thumbnail_IMG_1348-300x300.jpg 300w, https:\/\/conciergerie-aix.fr\/wp-content\/uploads\/2023\/05\/thumbnail_IMG_1348-150x150.jpg 150w, https:\/\/conciergerie-aix.fr\/wp-content\/uploads\/2023\/05\/thumbnail_IMG_1348-100x100.jpg 100w\" sizes=\"(max-width: 300px) 100vw, 300px\" \/><\/div>\n\t\t\t\t\t<div class=\"wc-block-grid__product-title\">Pack 100% Provence Alpes C\u00f4tes d&#8217;Azur (Les 6 blle)<\/div>\n\t\t\t\t<\/a>\n\t\t\t\t\n\t\t\t\t<div class=\"wc-block-grid__product-price price\"><span class=\"woocommerce-Price-amount amount\">85,00&nbsp;<span class=\"woocommerce-Price-currencySymbol\">&euro;<\/span><\/span><\/div>\n\t\t\t\t\n\t\t\t\t<div class=\"wp-block-button wc-block-grid__product-add-to-cart\"><a href=\"?add-to-cart=182\" aria-label=\"Add &ldquo;Pack 100% Provence Alpes C\u00f4tes d&#039;Azur (Les 6 blle)&rdquo; to your cart\" data-quantity=\"1\" data-product_id=\"182\" data-product_sku=\"\" rel=\"nofollow\" class=\"wp-block-button__link  add_to_cart_button ajax_add_to_cart\">Add to cart<\/a><\/div>\n\t\t\t<\/li><li class=\"wc-block-grid__product\">\n\t\t\t\t<a href=\"https:\/\/conciergerie-aix.fr\/?product=pack-champagnes\" class=\"wc-block-grid__product-link\">\n\t\t\t\t\t<div class=\"wc-block-grid__product-image\"><img width=\"300\" height=\"300\" src=\"https:\/\/conciergerie-aix.fr\/wp-content\/uploads\/2023\/05\/thumbnail_IMG_1349-300x300.jpg\" class=\"attachment-woocommerce_thumbnail size-woocommerce_thumbnail\" alt=\"Pack champagnes de vignerons (Les 6 blle)\" decoding=\"async\" loading=\"lazy\" srcset=\"https:\/\/conciergerie-aix.fr\/wp-content\/uploads\/2023\/05\/thumbnail_IMG_1349-300x300.jpg 300w, https:\/\/conciergerie-aix.fr\/wp-content\/uploads\/2023\/05\/thumbnail_IMG_1349-150x150.jpg 150w, https:\/\/conciergerie-aix.fr\/wp-content\/uploads\/2023\/05\/thumbnail_IMG_1349-100x100.jpg 100w\" sizes=\"(max-width: 300px) 100vw, 300px\" \/><\/div>\n\t\t\t\t\t<div class=\"wc-block-grid__product-title\">Pack champagnes de vignerons (Les 6 blle)<\/div>\n\t\t\t\t<\/a>\n\t\t\t\t\n\t\t\t\t<div class=\"wc-block-grid__product-price price\"><span class=\"woocommerce-Price-amount amount\">180,00&nbsp;<span class=\"woocommerce-Price-currencySymbol\">&euro;<\/span><\/span><\/div>\n\t\t\t\t\n\t\t\t\t<div class=\"wp-block-button wc-block-grid__product-add-to-cart\"><a href=\"?add-to-cart=167\" aria-label=\"Add &ldquo;Pack champagnes de vignerons (Les 6 blle)&rdquo; to your cart\" data-quantity=\"1\" data-product_id=\"167\" data-product_sku=\"\" rel=\"nofollow\" class=\"wp-block-button__link  add_to_cart_button ajax_add_to_cart\">Add to cart<\/a><\/div>\n\t\t\t<\/li><li class=\"wc-block-grid__product\">\n\t\t\t\t<a href=\"https:\/\/conciergerie-aix.fr\/?product=pack-apero-aperol\" class=\"wc-block-grid__product-link\">\n\t\t\t\t\t<div class=\"wc-block-grid__product-image\"><img width=\"300\" height=\"300\" src=\"https:\/\/conciergerie-aix.fr\/wp-content\/uploads\/2023\/05\/thumbnail_IMG_1344-300x300.jpg\" class=\"attachment-woocommerce_thumbnail size-woocommerce_thumbnail\" alt=\"Pack Ap\u00e9ro Proven\u00e7al (Lot de 3 blle)\" decoding=\"async\" loading=\"lazy\" srcset=\"https:\/\/conciergerie-aix.fr\/wp-content\/uploads\/2023\/05\/thumbnail_IMG_1344-300x300.jpg 300w, https:\/\/conciergerie-aix.fr\/wp-content\/uploads\/2023\/05\/thumbnail_IMG_1344-150x150.jpg 150w, https:\/\/conciergerie-aix.fr\/wp-content\/uploads\/2023\/05\/thumbnail_IMG_1344-100x100.jpg 100w\" sizes=\"(max-width: 300px) 100vw, 300px\" \/><\/div>\n\t\t\t\t\t<div class=\"wc-block-grid__product-title\">Pack Ap\u00e9ro Proven\u00e7al (Lot de 3 blle)<\/div>\n\t\t\t\t<\/a>\n\t\t\t\t\n\t\t\t\t<div class=\"wc-block-grid__product-price price\"><span class=\"woocommerce-Price-amount amount\">55,00&nbsp;<span class=\"woocommerce-Price-currencySymbol\">&euro;<\/span><\/span><\/div>\n\t\t\t\t\n\t\t\t\t<div class=\"wp-block-button wc-block-grid__product-add-to-cart\"><a href=\"?add-to-cart=165\" aria-label=\"Add &ldquo;Pack Ap\u00e9ro Proven\u00e7al (Lot de 3 blle)&rdquo; to your cart\" data-quantity=\"1\" data-product_id=\"165\" data-product_sku=\"\" rel=\"nofollow\" class=\"wp-block-button__link  add_to_cart_button ajax_add_to_cart\">Add to cart<\/a><\/div>\n\t\t\t<\/li><\/ul><\/div>","protected":false},"excerpt":{"rendered":"<p>Nous vous avons s\u00e9lectionn\u00e9 diff\u00e9rents coffrets pour vous faire plaisir sur votre lieu de vacances&#8230;<\/p>\n","protected":false},"author":1,"featured_media":348,"parent":0,"menu_order":0,"comment_status":"closed","ping_status":"closed","template":"","meta":{"om_disable_all_campaigns":false,"_mi_skip_tracking":false},"aioseo_notices":[],"mfb_rest_fields":["aioseo_notices"],"_links":{"self":[{"href":"https:\/\/conciergerie-aix.fr\/index.php?rest_route=\/wp\/v2\/pages\/139"}],"collection":[{"href":"https:\/\/conciergerie-aix.fr\/index.php?rest_route=\/wp\/v2\/pages"}],"about":[{"href":"https:\/\/conciergerie-aix.fr\/index.php?rest_route=\/wp\/v2\/types\/page"}],"author":[{"embeddable":true,"href":"https:\/\/conciergerie-aix.fr\/index.php?rest_route=\/wp\/v2\/users\/1"}],"replies":[{"embeddable":true,"href":"https:\/\/conciergerie-aix.fr\/index.php?rest_route=%2Fwp%2Fv2%2Fcomments&post=139"}],"version-history":[{"count":4,"href":"https:\/\/conciergerie-aix.fr\/index.php?rest_route=\/wp\/v2\/pages\/139\/revisions"}],"predecessor-version":[{"id":428,"href":"https:\/\/conciergerie-aix.fr\/index.php?rest_route=\/wp\/v2\/pages\/139\/revisions\/428"}],"wp:featuredmedia":[{"embeddable":true,"href":"https:\/\/conciergerie-aix.fr\/index.php?rest_route=\/wp\/v2\/media\/348"}],"wp:attachment":[{"href":"https:\/\/conciergerie-aix.fr\/index.php?rest_route=%2Fwp%2Fv2%2Fmedia&parent=139"}],"curies":[{"name":"wp","href":"https:\/\/api.w.org\/{rel}","templated":true}]}}