{"id":22,"date":"2023-05-06T17:30:24","date_gmt":"2023-05-06T15:30:24","guid":{"rendered":"https:\/\/conciergerie-aix.fr\/?page_id=22"},"modified":"2023-05-28T18:16:36","modified_gmt":"2023-05-28T16:16:36","slug":"a-propos","status":"publish","type":"page","link":"https:\/\/conciergerie-aix.fr\/?page_id=22","title":{"rendered":"A propos"},"content":{"rendered":"\n<p>Ma volont\u00e9 est double : assurer la s\u00e9r\u00e9nit\u00e9 des propri\u00e9taires et le confort des voyageurs.<\/p>\n\n\n\n<p> <\/p>\n\n\n\n<p>Apr\u00e8s 20 ans dans le domaine de la sant\u00e9, j&#8217;ai d\u00e9cid\u00e9 d&#8217;accompagner diff\u00e9remment.<\/p>\n\n\n\n<p>J&#8217;ai commenc\u00e9&nbsp; l&#8217;accueil des voyageurs aux alentours de Saint Cannat en 2018. C&#8217;est tout naturellement que le projet de la conciergerie priv\u00e9e du pays d&#8217;Aix est n\u00e9. Aider les propri\u00e9taires \u00e0 faire vivre leur location en haute et basse saison, accueillir confortablement les voyageurs dans notre superbe r\u00e9gion sont devenus ma priorit\u00e9 et ma passion.<\/p>\n\n\n<div class=\"wp-block-image is-style-rounded\">\n<figure class=\"wp-duotone-162521-ffffff-1 aligncenter size-full is-resized\"><img decoding=\"async\" loading=\"lazy\" src=\"https:\/\/conciergerie-aix.fr\/wp-content\/uploads\/2023\/05\/thumbnail_7c38f1d7-9a60-4e16-8f6f-1d86a812cc05.jpg\" alt=\"\" class=\"wp-image-187\" width=\"192\" height=\"256\" srcset=\"https:\/\/conciergerie-aix.fr\/wp-content\/uploads\/2023\/05\/thumbnail_7c38f1d7-9a60-4e16-8f6f-1d86a812cc05.jpg 768w, https:\/\/conciergerie-aix.fr\/wp-content\/uploads\/2023\/05\/thumbnail_7c38f1d7-9a60-4e16-8f6f-1d86a812cc05-600x800.jpg 600w, https:\/\/conciergerie-aix.fr\/wp-content\/uploads\/2023\/05\/thumbnail_7c38f1d7-9a60-4e16-8f6f-1d86a812cc05-225x300.jpg 225w\" sizes=\"(max-width: 192px) 100vw, 192px\" \/><\/figure><\/div>","protected":false},"excerpt":{"rendered":"<p>Ma volont\u00e9 est double : assurer la s\u00e9r\u00e9nit\u00e9 des propri\u00e9taires et le confort des voyageurs. Apr\u00e8s 20 ans dans le domaine de la sant\u00e9, j&#8217;ai &hellip;<\/p>\n","protected":false},"author":1,"featured_media":0,"parent":0,"menu_order":0,"comment_status":"closed","ping_status":"closed","template":"","meta":{"om_disable_all_campaigns":false,"_mi_skip_tracking":false},"aioseo_notices":[],"mfb_rest_fields":["aioseo_notices"],"_links":{"self":[{"href":"https:\/\/conciergerie-aix.fr\/index.php?rest_route=\/wp\/v2\/pages\/22"}],"collection":[{"href":"https:\/\/conciergerie-aix.fr\/index.php?rest_route=\/wp\/v2\/pages"}],"about":[{"href":"https:\/\/conciergerie-aix.fr\/index.php?rest_route=\/wp\/v2\/types\/page"}],"author":[{"embeddable":true,"href":"https:\/\/conciergerie-aix.fr\/index.php?rest_route=\/wp\/v2\/users\/1"}],"replies":[{"embeddable":true,"href":"https:\/\/conciergerie-aix.fr\/index.php?rest_route=%2Fwp%2Fv2%2Fcomments&post=22"}],"version-history":[{"count":4,"href":"https:\/\/conciergerie-aix.fr\/index.php?rest_route=\/wp\/v2\/pages\/22\/revisions"}],"predecessor-version":[{"id":190,"href":"https:\/\/conciergerie-aix.fr\/index.php?rest_route=\/wp\/v2\/pages\/22\/revisions\/190"}],"wp:attachment":[{"href":"https:\/\/conciergerie-aix.fr\/index.php?rest_route=%2Fwp%2Fv2%2Fmedia&parent=22"}],"curies":[{"name":"wp","href":"https:\/\/api.w.org\/{rel}","templated":true}]}}