{"id":497,"date":"2023-06-19T22:08:02","date_gmt":"2023-06-19T20:08:02","guid":{"rendered":"https:\/\/conciergerie-aix.fr\/?page_id=497"},"modified":"2023-06-19T22:09:47","modified_gmt":"2023-06-19T20:09:47","slug":"baby-sitting","status":"publish","type":"page","link":"https:\/\/conciergerie-aix.fr\/?page_id=497","title":{"rendered":"Baby-sitting"},"content":{"rendered":"\n<p><\/p>\n\n\n\n<div class=\"wp-block-media-text alignwide is-stacked-on-mobile\"><figure class=\"wp-block-media-text__media\"><img decoding=\"async\" loading=\"lazy\" width=\"612\" height=\"408\" src=\"https:\/\/conciergerie-aix.fr\/wp-content\/uploads\/2023\/06\/thumbnail_IMG_1388.jpg\" alt=\"\" class=\"wp-image-498 size-full\" srcset=\"https:\/\/conciergerie-aix.fr\/wp-content\/uploads\/2023\/06\/thumbnail_IMG_1388.jpg 612w, https:\/\/conciergerie-aix.fr\/wp-content\/uploads\/2023\/06\/thumbnail_IMG_1388-300x200.jpg 300w, https:\/\/conciergerie-aix.fr\/wp-content\/uploads\/2023\/06\/thumbnail_IMG_1388-450x300.jpg 450w, https:\/\/conciergerie-aix.fr\/wp-content\/uploads\/2023\/06\/thumbnail_IMG_1388-600x400.jpg 600w\" sizes=\"(max-width: 612px) 100vw, 612px\" \/><\/figure><div class=\"wp-block-media-text__content\">\n<p>Vous \u00eates invit\u00e9s chez des amis et vous savez que la soir\u00e9e va se prolonger ? Vous souhaitez aller boire un verre dans un des bars d&#8217;Aix en Provence mais vous souhaitez que vos enfants profitent du calme de votre lieu de vacances ? Avec notre service garde d\u2019enfants, c\u2019est possible ! Communiquez nous la date et l\u2019heure \u00e0 laquelle vous souhaitez vous absenter et nous nous occuperons de vous mettre en relation avec le futur ange gardien de vos petits bouts.<\/p>\n\n\n\n<p><\/p>\n<\/div><\/div>\n\n\n\n<p><\/p>\n\n\n\n<div class=\"wp-block-jetpack-send-a-message\">\n<div class=\"wp-block-jetpack-whatsapp-button aligncenter is-color-dark\"><a class=\"whatsapp-block__button\" href=\"https:\/\/api.whatsapp.com\/send?phone=&amp;text=Bonjour%2C%20j%E2%80%99ai%20trouv%C3%A9%20vos%20informations%20WhatsApp%20sur%20votre%20site%20Web.\" style=\"background-color:#25D366;color:#fff\" target=\"_self\" rel=\"noopener noreferrer\">Discuter sur WhatsApp<\/a><\/div>\n<\/div>\n","protected":false},"excerpt":{"rendered":"<p>Vous \u00eates invit\u00e9s chez des amis et vous savez que la soir\u00e9e va se prolonger ? Vous souhaitez aller boire un verre dans un des &hellip;<\/p>\n","protected":false},"author":1,"featured_media":0,"parent":0,"menu_order":0,"comment_status":"closed","ping_status":"closed","template":"","meta":{"om_disable_all_campaigns":false,"_mi_skip_tracking":false},"aioseo_notices":[],"mfb_rest_fields":["aioseo_notices"],"_links":{"self":[{"href":"https:\/\/conciergerie-aix.fr\/index.php?rest_route=\/wp\/v2\/pages\/497"}],"collection":[{"href":"https:\/\/conciergerie-aix.fr\/index.php?rest_route=\/wp\/v2\/pages"}],"about":[{"href":"https:\/\/conciergerie-aix.fr\/index.php?rest_route=\/wp\/v2\/types\/page"}],"author":[{"embeddable":true,"href":"https:\/\/conciergerie-aix.fr\/index.php?rest_route=\/wp\/v2\/users\/1"}],"replies":[{"embeddable":true,"href":"https:\/\/conciergerie-aix.fr\/index.php?rest_route=%2Fwp%2Fv2%2Fcomments&post=497"}],"version-history":[{"count":2,"href":"https:\/\/conciergerie-aix.fr\/index.php?rest_route=\/wp\/v2\/pages\/497\/revisions"}],"predecessor-version":[{"id":502,"href":"https:\/\/conciergerie-aix.fr\/index.php?rest_route=\/wp\/v2\/pages\/497\/revisions\/502"}],"wp:attachment":[{"href":"https:\/\/conciergerie-aix.fr\/index.php?rest_route=%2Fwp%2Fv2%2Fmedia&parent=497"}],"curies":[{"name":"wp","href":"https:\/\/api.w.org\/{rel}","templated":true}]}}