{"id":503,"date":"2023-06-19T22:24:40","date_gmt":"2023-06-19T20:24:40","guid":{"rendered":"https:\/\/conciergerie-aix.fr\/?page_id=503"},"modified":"2023-06-19T22:24:42","modified_gmt":"2023-06-19T20:24:42","slug":"menage","status":"publish","type":"page","link":"https:\/\/conciergerie-aix.fr\/?page_id=503","title":{"rendered":"M\u00e9nage"},"content":{"rendered":"\n<div class=\"wp-block-media-text alignwide is-stacked-on-mobile\"><figure class=\"wp-block-media-text__media\"><img decoding=\"async\" loading=\"lazy\" width=\"612\" height=\"408\" src=\"https:\/\/conciergerie-aix.fr\/wp-content\/uploads\/2023\/06\/thumbnail_IMG_1389.jpg\" alt=\"\" class=\"wp-image-504 size-full\" srcset=\"https:\/\/conciergerie-aix.fr\/wp-content\/uploads\/2023\/06\/thumbnail_IMG_1389.jpg 612w, https:\/\/conciergerie-aix.fr\/wp-content\/uploads\/2023\/06\/thumbnail_IMG_1389-300x200.jpg 300w, https:\/\/conciergerie-aix.fr\/wp-content\/uploads\/2023\/06\/thumbnail_IMG_1389-450x300.jpg 450w, https:\/\/conciergerie-aix.fr\/wp-content\/uploads\/2023\/06\/thumbnail_IMG_1389-600x400.jpg 600w\" sizes=\"(max-width: 612px) 100vw, 612px\" \/><\/figure><div class=\"wp-block-media-text__content\">\n<p>Nous pouvons intervenir pour l\u2019entretien de votre lieu de vacances en service ponctuel ou r\u00e9gulier. Nos \u00e9quipes de m\u00e9nage sauront r\u00e9pondre \u00e0 votre demande avec efficacit\u00e9 et discr\u00e9tion.<\/p>\n\n\n\n<p>Les tarifs sont \u00e9tablis selon vos attentes.<\/p>\n\n\n\n<p>Par exemple 20\u20ac l&#8217;heure de m\u00e9nage.<\/p>\n\n\n\n<p>Cliquer ci-dessous pour en discuter.<\/p>\n\n\n\n<p><\/p>\n\n\n\n<div class=\"wp-block-jetpack-send-a-message\">\n<div class=\"wp-block-jetpack-whatsapp-button is-color-dark\"><a class=\"whatsapp-block__button\" href=\"https:\/\/api.whatsapp.com\/send?phone=&amp;text=Bonjour%2C%20j%E2%80%99ai%20trouv%C3%A9%20vos%20informations%20WhatsApp%20sur%20votre%20site%20Web.\" style=\"background-color:#25D366;color:#fff\" target=\"_self\" rel=\"noopener noreferrer\">Discuter sur WhatsApp<\/a><\/div>\n<\/div>\n<\/div><\/div>\n","protected":false},"excerpt":{"rendered":"","protected":false},"author":1,"featured_media":0,"parent":0,"menu_order":0,"comment_status":"closed","ping_status":"closed","template":"","meta":{"om_disable_all_campaigns":false,"_mi_skip_tracking":false},"aioseo_notices":[],"mfb_rest_fields":["aioseo_notices"],"_links":{"self":[{"href":"https:\/\/conciergerie-aix.fr\/index.php?rest_route=\/wp\/v2\/pages\/503"}],"collection":[{"href":"https:\/\/conciergerie-aix.fr\/index.php?rest_route=\/wp\/v2\/pages"}],"about":[{"href":"https:\/\/conciergerie-aix.fr\/index.php?rest_route=\/wp\/v2\/types\/page"}],"author":[{"embeddable":true,"href":"https:\/\/conciergerie-aix.fr\/index.php?rest_route=\/wp\/v2\/users\/1"}],"replies":[{"embeddable":true,"href":"https:\/\/conciergerie-aix.fr\/index.php?rest_route=%2Fwp%2Fv2%2Fcomments&post=503"}],"version-history":[{"count":1,"href":"https:\/\/conciergerie-aix.fr\/index.php?rest_route=\/wp\/v2\/pages\/503\/revisions"}],"predecessor-version":[{"id":506,"href":"https:\/\/conciergerie-aix.fr\/index.php?rest_route=\/wp\/v2\/pages\/503\/revisions\/506"}],"wp:attachment":[{"href":"https:\/\/conciergerie-aix.fr\/index.php?rest_route=%2Fwp%2Fv2%2Fmedia&parent=503"}],"curies":[{"name":"wp","href":"https:\/\/api.w.org\/{rel}","templated":true}]}}