{"id":554,"date":"2024-03-12T14:56:31","date_gmt":"2024-03-12T13:56:31","guid":{"rendered":"https:\/\/conciergerie-aix.fr\/?page_id=554"},"modified":"2024-03-12T14:56:32","modified_gmt":"2024-03-12T13:56:32","slug":"randonnees-et-natation","status":"publish","type":"page","link":"https:\/\/conciergerie-aix.fr\/?page_id=554","title":{"rendered":"Randonn\u00e9es et Natation"},"content":{"rendered":"\n<div class=\"wp-block-media-text alignwide is-stacked-on-mobile\"><figure class=\"wp-block-media-text__media\"><img decoding=\"async\" loading=\"lazy\" width=\"768\" height=\"1024\" src=\"https:\/\/conciergerie-aix.fr\/wp-content\/uploads\/2024\/03\/IMG_3570-768x1024.jpeg\" alt=\"\" class=\"wp-image-555 size-full\" srcset=\"https:\/\/conciergerie-aix.fr\/wp-content\/uploads\/2024\/03\/IMG_3570-768x1024.jpeg 768w, https:\/\/conciergerie-aix.fr\/wp-content\/uploads\/2024\/03\/IMG_3570-225x300.jpeg 225w, https:\/\/conciergerie-aix.fr\/wp-content\/uploads\/2024\/03\/IMG_3570-1152x1536.jpeg 1152w, https:\/\/conciergerie-aix.fr\/wp-content\/uploads\/2024\/03\/IMG_3570-1320x1760.jpeg 1320w, https:\/\/conciergerie-aix.fr\/wp-content\/uploads\/2024\/03\/IMG_3570-600x800.jpeg 600w, https:\/\/conciergerie-aix.fr\/wp-content\/uploads\/2024\/03\/IMG_3570.jpeg 1536w\" sizes=\"(max-width: 768px) 100vw, 768px\" \/><\/figure><div class=\"wp-block-media-text__content\">\n<p>En Provence, chaque chemin est une invitation \u00e0 l&#8217;\u00e9vasion. \u00c0 la Conciergerie du Pays d&#8217;Aix, nous vous ouvrons les portes de randonn\u00e9es exceptionnelles, adapt\u00e9es \u00e0 tous. Que ce soit pour une sortie en famille, facile et joyeuse, ou pour une aventure plus sportive \u00e0 travers les sentiers de la Sainte-Victoire, du massif du Garlaban, des Alpilles ou de l&#8217;\u00c9toile, nous avons ce qu&#8217;il vous faut.<br>Nos randonn\u00e9es, disponibles \u00e0 la demi-journ\u00e9e ou \u00e0 la journ\u00e9e, sont pens\u00e9es pour vous faire d\u00e9couvrir le meilleur de notre r\u00e9gion. Laissez-nous vous guider \u00e0 travers ces paysages o\u00f9 la nature se montre sous son jour le plus enchanteur.<\/p>\n\n\n\n<p>Nous sommes ici pour rendre chaque pas m\u00e9morable et chaque vue imprenable. Votre prochaine aventure commence avec nous.<\/p>\n\n\n\n<p>L&#8217;eau nous appelle&#8230; Que ce soit pour apprendre \u00e0 nager, surmonter l&#8217;aquaphobie, s&#8217;amuser en aquagym ou assurer la s\u00e9curit\u00e9 de vos \u00e9v\u00e9nements au bord de l&#8217;eau, notre mission est de rendre chaque moment dans l&#8217;eau m\u00e9morable et raffin\u00e9.<br>Nous offrons des cours de natation pour enfants et adultes, car il n&#8217;y a pas d&#8217;\u00e2ge pour plonger dans de nouvelles aventures. Notre approche chaleureuse et personnalis\u00e9e vous aide \u00e0 progresser \u00e0 votre rythme, que vous fassiez vos premiers \u00e9clats d&#8217;eau ou que vous souhaitiez perfectionner votre technique.<\/p>\n\n\n\n<p><\/p>\n<\/div><\/div>\n","protected":false},"excerpt":{"rendered":"<p>En Provence, chaque chemin est une invitation \u00e0 l&#8217;\u00e9vasion. \u00c0 la Conciergerie du Pays d&#8217;Aix, nous vous ouvrons les portes de randonn\u00e9es exceptionnelles, adapt\u00e9es \u00e0 &hellip;<\/p>\n","protected":false},"author":1,"featured_media":0,"parent":0,"menu_order":0,"comment_status":"closed","ping_status":"closed","template":"","meta":{"om_disable_all_campaigns":false,"_mi_skip_tracking":false},"aioseo_notices":[],"mfb_rest_fields":["aioseo_notices"],"_links":{"self":[{"href":"https:\/\/conciergerie-aix.fr\/index.php?rest_route=\/wp\/v2\/pages\/554"}],"collection":[{"href":"https:\/\/conciergerie-aix.fr\/index.php?rest_route=\/wp\/v2\/pages"}],"about":[{"href":"https:\/\/conciergerie-aix.fr\/index.php?rest_route=\/wp\/v2\/types\/page"}],"author":[{"embeddable":true,"href":"https:\/\/conciergerie-aix.fr\/index.php?rest_route=\/wp\/v2\/users\/1"}],"replies":[{"embeddable":true,"href":"https:\/\/conciergerie-aix.fr\/index.php?rest_route=%2Fwp%2Fv2%2Fcomments&post=554"}],"version-history":[{"count":1,"href":"https:\/\/conciergerie-aix.fr\/index.php?rest_route=\/wp\/v2\/pages\/554\/revisions"}],"predecessor-version":[{"id":556,"href":"https:\/\/conciergerie-aix.fr\/index.php?rest_route=\/wp\/v2\/pages\/554\/revisions\/556"}],"wp:attachment":[{"href":"https:\/\/conciergerie-aix.fr\/index.php?rest_route=%2Fwp%2Fv2%2Fmedia&parent=554"}],"curies":[{"name":"wp","href":"https:\/\/api.w.org\/{rel}","templated":true}]}}