{"id":165,"date":"2023-05-27T18:38:18","date_gmt":"2023-05-27T16:38:18","guid":{"rendered":"https:\/\/conciergerie-aix.fr\/?post_type=product&#038;p=165"},"modified":"2023-06-19T21:49:33","modified_gmt":"2023-06-19T19:49:33","slug":"pack-apero-aperol","status":"publish","type":"product","link":"https:\/\/conciergerie-aix.fr\/?product=pack-apero-aperol","title":{"rendered":"Pack Ap\u00e9ro Proven\u00e7al (Lot de 3 blle)"},"content":{"rendered":"<div class=\"clearfix margin-top-5\"><strong class=\"accroche text-bold taille-sm\">Un pack parfait pour une soir\u00e9e Ap\u00e9ro parfaite !\u00a0<\/strong><\/div>\n<div id=\"description_courte\" class=\"clearfix margin-top-5\">\n<div id=\"description_courte_content\" class=\"rte align_justify\">\n<div class=\"no-margin text-justify taille-xs\">Ambiancez-vous pour un ap\u00e9ro sous les couleurs de la Provence ! Dans ce pack vous aurez de quoi vous r\u00e9galez pour la soir\u00e9e avec 2 bouteilles de Bulles de Berli\u00a0 et une bouteille ap\u00e9rif de Procence ! Vous n\u2019aurez qu\u2019une chose \u00e0 ne pas oublier pour une parfaite soir\u00e9e : des gla\u00e7ons ! D\u00e9tendez-vous et profitez d&#8217;un excellent moment de convivialit\u00e9 gr\u00e2ce \u00e0 ce pack !<\/div>\n<\/div>\n<div><\/div>\n<\/div>\n","protected":false},"excerpt":{"rendered":"<p>Un pack parfait pour une soir\u00e9e Ap\u00e9ro parfaite !\u00a0 Ambiancez-vous pour un ap\u00e9ro sous les couleurs de la Provence ! Dans ce pack vous aurez &hellip;<\/p>\n","protected":false},"featured_media":481,"template":"","meta":{"om_disable_all_campaigns":false,"_mi_skip_tracking":false},"product_cat":[21],"product_tag":[],"aioseo_notices":[],"mfb_rest_fields":["aioseo_notices"],"_links":{"self":[{"href":"https:\/\/conciergerie-aix.fr\/index.php?rest_route=\/wp\/v2\/product\/165"}],"collection":[{"href":"https:\/\/conciergerie-aix.fr\/index.php?rest_route=\/wp\/v2\/product"}],"about":[{"href":"https:\/\/conciergerie-aix.fr\/index.php?rest_route=\/wp\/v2\/types\/product"}],"wp:featuredmedia":[{"embeddable":true,"href":"https:\/\/conciergerie-aix.fr\/index.php?rest_route=\/wp\/v2\/media\/481"}],"wp:attachment":[{"href":"https:\/\/conciergerie-aix.fr\/index.php?rest_route=%2Fwp%2Fv2%2Fmedia&parent=165"}],"wp:term":[{"taxonomy":"product_cat","embeddable":true,"href":"https:\/\/conciergerie-aix.fr\/index.php?rest_route=%2Fwp%2Fv2%2Fproduct_cat&post=165"},{"taxonomy":"product_tag","embeddable":true,"href":"https:\/\/conciergerie-aix.fr\/index.php?rest_route=%2Fwp%2Fv2%2Fproduct_tag&post=165"}],"curies":[{"name":"wp","href":"https:\/\/api.w.org\/{rel}","templated":true}]}}