{"id":167,"date":"2023-05-27T19:17:43","date_gmt":"2023-05-27T17:17:43","guid":{"rendered":"https:\/\/conciergerie-aix.fr\/?post_type=product&#038;p=167"},"modified":"2023-06-19T21:48:29","modified_gmt":"2023-06-19T19:48:29","slug":"pack-champagnes","status":"publish","type":"product","link":"https:\/\/conciergerie-aix.fr\/?product=pack-champagnes","title":{"rendered":"Pack champagnes de vignerons (Les 6 blle)"},"content":{"rendered":"<div class=\"clearfix margin-top-5\"><strong class=\"accroche text-bold taille-sm\">Pack de 6 bouteilles : d\u00e9couvrez une s\u00e9lection de deux champagnes de vignerons \u00e0 prix tout doux !<\/strong><\/div>\n<div id=\"description_courte\" class=\"clearfix margin-top-5\">\n<div id=\"description_courte_content\" class=\"rte align_justify\">\n<div class=\"no-margin text-justify taille-xs\">Vous souhaitez faire plaisir mais ne savez pas quels champagnes choisir ? Faites nous confiance avec ces 2 champagnes de vignerons, s\u00e9lectionn\u00e9s avec soin pour leur plaisir de d\u00e9gustation et leur prix tout doux ! Un joli moment en perspective !<\/div>\n<\/div>\n<\/div>\n","protected":false},"excerpt":{"rendered":"<p><img decoding=\"async\" loading=\"lazy\" class=\"alignnone size-medium wp-image-181\" src=\"http:\/\/conciergerie-aix.fr\/wp-content\/uploads\/2023\/05\/OIP-1-300x201.jpg\" alt=\"\" width=\"300\" height=\"201\" srcset=\"https:\/\/conciergerie-aix.fr\/wp-content\/uploads\/2023\/05\/OIP-1-300x201.jpg 300w, https:\/\/conciergerie-aix.fr\/wp-content\/uploads\/2023\/05\/OIP-1-449x300.jpg 449w, https:\/\/conciergerie-aix.fr\/wp-content\/uploads\/2023\/05\/OIP-1.jpg 468w\" sizes=\"(max-width: 300px) 100vw, 300px\" \/><\/p>\n","protected":false},"featured_media":477,"template":"","meta":{"om_disable_all_campaigns":false,"_mi_skip_tracking":false},"product_cat":[21],"product_tag":[],"aioseo_notices":[],"mfb_rest_fields":["aioseo_notices"],"_links":{"self":[{"href":"https:\/\/conciergerie-aix.fr\/index.php?rest_route=\/wp\/v2\/product\/167"}],"collection":[{"href":"https:\/\/conciergerie-aix.fr\/index.php?rest_route=\/wp\/v2\/product"}],"about":[{"href":"https:\/\/conciergerie-aix.fr\/index.php?rest_route=\/wp\/v2\/types\/product"}],"wp:featuredmedia":[{"embeddable":true,"href":"https:\/\/conciergerie-aix.fr\/index.php?rest_route=\/wp\/v2\/media\/477"}],"wp:attachment":[{"href":"https:\/\/conciergerie-aix.fr\/index.php?rest_route=%2Fwp%2Fv2%2Fmedia&parent=167"}],"wp:term":[{"taxonomy":"product_cat","embeddable":true,"href":"https:\/\/conciergerie-aix.fr\/index.php?rest_route=%2Fwp%2Fv2%2Fproduct_cat&post=167"},{"taxonomy":"product_tag","embeddable":true,"href":"https:\/\/conciergerie-aix.fr\/index.php?rest_route=%2Fwp%2Fv2%2Fproduct_tag&post=167"}],"curies":[{"name":"wp","href":"https:\/\/api.w.org\/{rel}","templated":true}]}}