{"id":182,"date":"2023-05-28T17:51:44","date_gmt":"2023-05-28T15:51:44","guid":{"rendered":"https:\/\/conciergerie-aix.fr\/?post_type=product&#038;p=182"},"modified":"2023-06-19T21:47:46","modified_gmt":"2023-06-19T19:47:46","slug":"pack-roses-100-provence-alpes-cotes-dazur","status":"publish","type":"product","link":"https:\/\/conciergerie-aix.fr\/?product=pack-roses-100-provence-alpes-cotes-dazur","title":{"rendered":"Pack 100% Provence Alpes C\u00f4tes d&#8217;Azur (Les 6 blle)"},"content":{"rendered":"<div class=\"clearfix margin-top-5\"><strong class=\"accroche text-bold taille-sm\">Pack 100% Provence-Alpes-C\u00f4te d&#8217;Azur ! Zoom sur LA r\u00e9gion !<\/strong><\/div>\n<div id=\"description_courte\" class=\"clearfix margin-top-5\">\n<div id=\"description_courte_content\" class=\"rte align_justify\">\n<div class=\"no-margin text-justify taille-xs\">Partez \u00e0 la d\u00e9couverte d&#8217;une s\u00e9lection de vin\u00a0 de la r\u00e9gion qui vont \u00e9moustillez vos papilles !\u00a0 Cette box est r\u00e9alis\u00e9e sp\u00e9cialement pour vous : 6 bouteilles de vin ( 2 ros\u00e9s, 2 blancs et 2 rouges ) gourmands et fruit\u00e9s 100% made in Provence ! Avec ces valeurs s\u00fbres d\u00e9tendez vous et profitez ! Succ\u00e8s garanti&#8230; Surtout \u00e0 ce prix !<\/div>\n<\/div>\n<\/div>\n","protected":false},"excerpt":{"rendered":"<p>Pack 100% Provence-Alpes-C\u00f4te d&#8217;Azur ! Zoom sur LA r\u00e9gion ! Partez \u00e0 la d\u00e9couverte d&#8217;une s\u00e9lection de vin\u00a0 de la r\u00e9gion qui vont \u00e9moustillez vos &hellip;<\/p>\n","protected":false},"featured_media":479,"template":"","meta":{"om_disable_all_campaigns":false,"_mi_skip_tracking":false},"product_cat":[21],"product_tag":[],"aioseo_notices":[],"mfb_rest_fields":["aioseo_notices"],"_links":{"self":[{"href":"https:\/\/conciergerie-aix.fr\/index.php?rest_route=\/wp\/v2\/product\/182"}],"collection":[{"href":"https:\/\/conciergerie-aix.fr\/index.php?rest_route=\/wp\/v2\/product"}],"about":[{"href":"https:\/\/conciergerie-aix.fr\/index.php?rest_route=\/wp\/v2\/types\/product"}],"wp:featuredmedia":[{"embeddable":true,"href":"https:\/\/conciergerie-aix.fr\/index.php?rest_route=\/wp\/v2\/media\/479"}],"wp:attachment":[{"href":"https:\/\/conciergerie-aix.fr\/index.php?rest_route=%2Fwp%2Fv2%2Fmedia&parent=182"}],"wp:term":[{"taxonomy":"product_cat","embeddable":true,"href":"https:\/\/conciergerie-aix.fr\/index.php?rest_route=%2Fwp%2Fv2%2Fproduct_cat&post=182"},{"taxonomy":"product_tag","embeddable":true,"href":"https:\/\/conciergerie-aix.fr\/index.php?rest_route=%2Fwp%2Fv2%2Fproduct_tag&post=182"}],"curies":[{"name":"wp","href":"https:\/\/api.w.org\/{rel}","templated":true}]}}