{"id":272,"date":"2023-06-04T22:05:17","date_gmt":"2023-06-04T20:05:17","guid":{"rendered":"https:\/\/conciergerie-aix.fr\/?post_type=product&#038;p=272"},"modified":"2023-06-28T22:20:02","modified_gmt":"2023-06-28T20:20:02","slug":"petit-dejeuner","status":"publish","type":"product","link":"https:\/\/conciergerie-aix.fr\/?product=petit-dejeuner","title":{"rendered":"Petit D\u00e9jeuner"},"content":{"rendered":"<p>Avec notre service de livraison, offrez-vous le plus beau des r\u00e9veils en d\u00e9gustant un petit-d\u00e9jeuner pr\u00e9par\u00e9 avec soin. Nous vous livrons tous les jours entre 8h et 10h pour vous permettre de commencer la journ\u00e9e de la meilleure des mani\u00e8res.<\/p>\n<div class=\"fusion-title title fusion-title-6 fusion-sep-none fusion-title-text fusion-title-size-three\">\n<h3 class=\"title-heading-left\">Qu\u2019y a-t-il dans votre petit-d\u00e9jeuner ?<\/h3>\n<\/div>\n<div class=\"fusion-text fusion-text-4\">Envie d\u2019un concentr\u00e9 de vitamines ? Choisissez votre jus de fruits frais : orange ou pomme, de quoi r\u00e9veiller vos papilles. Laissez-vous tenter par une baguette croustillante ou optez pour le pain complet r\u00e9confortant.<br \/>\nEnfin, la formule inclut beurre, confitures maison et un accompagnement sal\u00e9 et sucr\u00e9 fait de d\u00e9licieux produits locaux, de quoi faire le plein d\u2019\u00e9nergie pour la journ\u00e9e qui vous attend.<br \/>\nQue vous soyez seul, en famille, entre amis, pr\u00e9parer votre petit-d\u00e9jeuner n\u2019a jamais \u00e9t\u00e9 aussi simple !Contactez-nous sans plus attendre !<\/div>\n","protected":false},"excerpt":{"rendered":"<p>Avec notre service de livraison, offrez-vous le plus beau des r\u00e9veils en d\u00e9gustant un petit-d\u00e9jeuner pr\u00e9par\u00e9 avec soin. Nous vous livrons tous les jours entre &hellip;<\/p>\n","protected":false},"featured_media":535,"template":"","meta":{"om_disable_all_campaigns":false,"_mi_skip_tracking":false},"product_cat":[24],"product_tag":[],"aioseo_notices":[],"mfb_rest_fields":["aioseo_notices"],"_links":{"self":[{"href":"https:\/\/conciergerie-aix.fr\/index.php?rest_route=\/wp\/v2\/product\/272"}],"collection":[{"href":"https:\/\/conciergerie-aix.fr\/index.php?rest_route=\/wp\/v2\/product"}],"about":[{"href":"https:\/\/conciergerie-aix.fr\/index.php?rest_route=\/wp\/v2\/types\/product"}],"wp:featuredmedia":[{"embeddable":true,"href":"https:\/\/conciergerie-aix.fr\/index.php?rest_route=\/wp\/v2\/media\/535"}],"wp:attachment":[{"href":"https:\/\/conciergerie-aix.fr\/index.php?rest_route=%2Fwp%2Fv2%2Fmedia&parent=272"}],"wp:term":[{"taxonomy":"product_cat","embeddable":true,"href":"https:\/\/conciergerie-aix.fr\/index.php?rest_route=%2Fwp%2Fv2%2Fproduct_cat&post=272"},{"taxonomy":"product_tag","embeddable":true,"href":"https:\/\/conciergerie-aix.fr\/index.php?rest_route=%2Fwp%2Fv2%2Fproduct_tag&post=272"}],"curies":[{"name":"wp","href":"https:\/\/api.w.org\/{rel}","templated":true}]}}