{"id":433,"date":"2023-06-14T21:29:52","date_gmt":"2023-06-14T19:29:52","guid":{"rendered":"https:\/\/conciergerie-aix.fr\/?post_type=product&#038;p=433"},"modified":"2023-06-14T21:34:25","modified_gmt":"2023-06-14T19:34:25","slug":"drainage-lymphatique-renata-franca","status":"publish","type":"product","link":"https:\/\/conciergerie-aix.fr\/?product=drainage-lymphatique-renata-franca","title":{"rendered":"Drainage lymphatique Renata Franca"},"content":{"rendered":"<blockquote><p><span class=\"\">Le drainage lymphatique est\u00a0une\u00a0technique\u00a0manuelle\u00a0r\u00e9alis\u00e9e \u00e0 un\u00a0rythme rapide\u00a0associant une\u00a0pression ferme\u00a0et des\u00a0man\u0153uvres de pompage\u00a0pour stimuler l\u2019activit\u00e9 des ganglions lymphatiques.\u00a0<\/span><\/p>\n<p><span class=\"\">Les r\u00e9sultats sont\u00a0imm\u00e9diats\u00a0: sensation de\u00a0l\u00e9g\u00e8ret\u00e9\u00a0et de\u00a0bien-\u00eatre, \u00e9limination des\u00a0toxines, activation de la\u00a0circulation\u00a0sanguine et lymphatique pour un corps\u00a0d\u00e9sengorg\u00e9.\u00a0<\/span><\/p><\/blockquote>\n","protected":false},"excerpt":{"rendered":"<p>Le drainage lymphatique est\u00a0une\u00a0technique\u00a0manuelle\u00a0r\u00e9alis\u00e9e \u00e0 un\u00a0rythme rapide\u00a0associant une\u00a0pression ferme\u00a0et des\u00a0man\u0153uvres de pompage\u00a0pour stimuler l\u2019activit\u00e9 des ganglions lymphatiques.\u00a0 Les r\u00e9sultats sont\u00a0imm\u00e9diats\u00a0: sensation de\u00a0l\u00e9g\u00e8ret\u00e9\u00a0et de\u00a0bien-\u00eatre, \u00e9limination des\u00a0toxines, &hellip;<\/p>\n","protected":false},"featured_media":430,"template":"","meta":{"om_disable_all_campaigns":false,"_mi_skip_tracking":false},"product_cat":[25],"product_tag":[],"aioseo_notices":[],"mfb_rest_fields":["aioseo_notices"],"_links":{"self":[{"href":"https:\/\/conciergerie-aix.fr\/index.php?rest_route=\/wp\/v2\/product\/433"}],"collection":[{"href":"https:\/\/conciergerie-aix.fr\/index.php?rest_route=\/wp\/v2\/product"}],"about":[{"href":"https:\/\/conciergerie-aix.fr\/index.php?rest_route=\/wp\/v2\/types\/product"}],"wp:featuredmedia":[{"embeddable":true,"href":"https:\/\/conciergerie-aix.fr\/index.php?rest_route=\/wp\/v2\/media\/430"}],"wp:attachment":[{"href":"https:\/\/conciergerie-aix.fr\/index.php?rest_route=%2Fwp%2Fv2%2Fmedia&parent=433"}],"wp:term":[{"taxonomy":"product_cat","embeddable":true,"href":"https:\/\/conciergerie-aix.fr\/index.php?rest_route=%2Fwp%2Fv2%2Fproduct_cat&post=433"},{"taxonomy":"product_tag","embeddable":true,"href":"https:\/\/conciergerie-aix.fr\/index.php?rest_route=%2Fwp%2Fv2%2Fproduct_tag&post=433"}],"curies":[{"name":"wp","href":"https:\/\/api.w.org\/{rel}","templated":true}]}}