{"id":434,"date":"2023-06-14T21:32:17","date_gmt":"2023-06-14T19:32:17","guid":{"rendered":"https:\/\/conciergerie-aix.fr\/?post_type=product&#038;p=434"},"modified":"2023-06-19T21:06:50","modified_gmt":"2023-06-19T19:06:50","slug":"massage-energetique","status":"publish","type":"product","link":"https:\/\/conciergerie-aix.fr\/?product=massage-energetique","title":{"rendered":"Massage \u00e9nergetique"},"content":{"rendered":"<p>Il consiste \u00e0 stimuler l&#8217;\u00e9nergie vitale pr\u00e9sente en chacun de nous.<\/p>\n<p><strong>Il permet d\u2019atteindre un \u00e9tat de relaxation profonde en r\u00e9\u00e9quilibrant les \u00e9nergies du corps par vibrations le long des m\u00e9ridiens afin d&#8217;apaiser les tensions\u00a0et\u00a0revitaliser l\u2019organisme.<\/strong><\/p>\n<p>&nbsp;<\/p>\n<p>C\u2019est \u00e9galement un massage bien-\u00eatre pour celles qui ont besoin d\u2019extr\u00eamement de douceur.<\/p>\n","protected":false},"excerpt":{"rendered":"<p>Il consiste \u00e0 stimuler l&#8217;\u00e9nergie vitale pr\u00e9sente en chacun de nous. Il permet d\u2019atteindre un \u00e9tat de relaxation profonde en r\u00e9\u00e9quilibrant les \u00e9nergies du corps &hellip;<\/p>\n","protected":false},"featured_media":461,"template":"","meta":{"om_disable_all_campaigns":false,"_mi_skip_tracking":false},"product_cat":[16,25],"product_tag":[],"aioseo_notices":[],"mfb_rest_fields":["aioseo_notices"],"_links":{"self":[{"href":"https:\/\/conciergerie-aix.fr\/index.php?rest_route=\/wp\/v2\/product\/434"}],"collection":[{"href":"https:\/\/conciergerie-aix.fr\/index.php?rest_route=\/wp\/v2\/product"}],"about":[{"href":"https:\/\/conciergerie-aix.fr\/index.php?rest_route=\/wp\/v2\/types\/product"}],"wp:featuredmedia":[{"embeddable":true,"href":"https:\/\/conciergerie-aix.fr\/index.php?rest_route=\/wp\/v2\/media\/461"}],"wp:attachment":[{"href":"https:\/\/conciergerie-aix.fr\/index.php?rest_route=%2Fwp%2Fv2%2Fmedia&parent=434"}],"wp:term":[{"taxonomy":"product_cat","embeddable":true,"href":"https:\/\/conciergerie-aix.fr\/index.php?rest_route=%2Fwp%2Fv2%2Fproduct_cat&post=434"},{"taxonomy":"product_tag","embeddable":true,"href":"https:\/\/conciergerie-aix.fr\/index.php?rest_route=%2Fwp%2Fv2%2Fproduct_tag&post=434"}],"curies":[{"name":"wp","href":"https:\/\/api.w.org\/{rel}","templated":true}]}}